{"id":252,"date":"2019-06-27T09:04:01","date_gmt":"2019-06-27T07:04:01","guid":{"rendered":"http:\/\/www.hotell-lassalyckan.se\/?page_id=252"},"modified":"2023-12-13T16:40:08","modified_gmt":"2023-12-13T15:40:08","slug":"about-us","status":"publish","type":"page","link":"https:\/\/www.hotell-lassalyckan.se\/en\/about-us\/","title":{"rendered":"About us"},"content":{"rendered":"<div class=\"wpb-content-wrapper\"><p>[vc_row][vc_column]\n    <div class=\"text-block-wrapper text-block-wrapper--centered\">\n      <div class=\"text-block\">\n        <h2 class=\"text-block__title\">Natural happiness outside your door<\/h2>\n        \n      <div class=\"text-block__content\">\n       Welcome to the tranquillity of Lassalyckan. Here you will stay right next to the ski tracks, the golf course, the mountain bike trails, the runners&#8217; tracks, the hockey rink and the football stadium. Go down the hill to Lake \u00c5sunden and find bike paths, Ulricehamn Kallbadhus (the open-air swimming-bath)and a cozy pedestrian street with nice shops, cafes and restaurants. In winter you will find one of southern Sweden&#8217;s best alpine resorts &#8211; <a href=\"https:\/\/www.ulricehamnskicenter.se\">Ulricehamn Ski Center<\/a> &#8211; 5 minutes from our hotel. Combine the conference with an energizing activity, take advantage of all the amenities of the hotel after a day of training or enjoy quality time with the family \u2013 everyone is welcome here.\n      <\/div>\n          \n      <\/div>    \n    <\/div>\n  [\/vc_column][\/vc_row][vc_row][vc_column][\/vc_column][\/vc_row][vc_row][vc_column]\n    <div class=\"puff-text-image puff-text-image--gap js-add-to-form puff-text-image--reverse\">\n      \n    <div class=\"puff-text-image__image ofi-holder ofi-holder--image-puff\">\n      \n        <div class=\"image-block-wrapper js-deferred-container \" data-image-src=\"https:\/\/www.hotell-lassalyckan.se\/wp-content\/uploads\/2019\/05\/Bildpuff_1192x724_omoss2.jpg\">\n          <img decoding=\"async\" class=\"js-deferred-image\" src=\"\" alt=\"\"\/>\n        <\/div>\n      \n    <\/div>\n  \n    <div class=\"puff-text-image__text\">\n      \n    <div class=\"text-block-wrapper text-block-wrapper--plate text-block-wrapper--centered\">\n      <div class=\"text-block\">\n        <h2 class=\"text-block__title\">About Ulricehamn<\/h2>\n        \n      <div class=\"text-block__content\">\n       Our beloved town Ulricehamn always has something to offer, no matter what time of year you visit. The town is also very strategically situated for those who gather people for meetings between J\u00f6nk\u00f6ping, Bor\u00e5s and Gothenburg for example \u2013 within the radius of 60 miles you reach as many as 2.1 million people. Here are some tips for those who are going to visit Ulricehamn.\n      <\/div>\n    \n      <div class=\"text-block__action\">\n        <a href =\"http:\/\/www.hotell-lassalyckan.se\/en\/about-ulricehamn\/\" class=\"button button--outlined\">\n          <span>Read more<\/span>\n        <\/a>\n      <\/div>\n          \n      <\/div>    \n    <\/div>\n  \n    <\/div>\n  \n    <\/div>\n  [\/vc_column][\/vc_row][vc_row][vc_column]\n    <div class=\"puff-text-image puff-text-image--gap\">\n      \n    <div class=\"puff-text-image__image ofi-holder ofi-holder ofi-holder--image-puff puff-text-image--gap\">\n      \n        <div class=\"image-block-wrapper js-deferred-container \" data-image-src=\"https:\/\/www.hotell-lassalyckan.se\/wp-content\/uploads\/2019\/05\/Bildpuff_1192x724_omoss3.jpg\">\n          <img decoding=\"async\" class=\"js-deferred-image\" src=\"\" alt=\"\"\/>\n        <\/div>\n      \n    <\/div>\n  <div class=\"puff-text-image__text\">\n      <div class=\"informational-block-wrapper\">\n        <div class=\"informational-block\">\n          <h2 class=\"informational-block__title\">Faciliteter<\/h2>\n\n          <div class=\"informational-block__content\">\n    \n        <div class=\"icon-text-section\">\n          <span class=\"icon-text-section__icon  icon-text-section__icon--room\"><svg class=\"icon\" aria-hidden=\"true\" focusable=\"false\"><use xlink:href=\"#icon-room\"><\/use><span class=\"access-label\">Numbers of Rooms: 36<\/span><\/svg><\/span>\n          <span class=\"icon-text-section__text\">Numbers of Rooms: 36<\/span>\n        <\/div>\n      \n        <div class=\"icon-text-section\">\n          <span class=\"icon-text-section__icon  icon-text-section__icon--shopping\"><svg class=\"icon\" aria-hidden=\"true\" focusable=\"false\"><use xlink:href=\"#icon-shopping\"><\/use><span class=\"access-label\">Distance to town center: 2,4km<\/span><\/svg><\/span>\n          <span class=\"icon-text-section__text\">Distance to town center: 2,4km<\/span>\n        <\/div>\n      \n        <div class=\"icon-text-section\">\n          <span class=\"icon-text-section__icon  icon-text-section__icon--parking\"><svg class=\"icon\" aria-hidden=\"true\" focusable=\"false\"><use xlink:href=\"#icon-parking\"><\/use><span class=\"access-label\">Distance to J\u00f6nk\u00f6ping Airport: 49km<\/span><\/svg><\/span>\n          <span class=\"icon-text-section__text\">Distance to J\u00f6nk\u00f6ping Airport: 49km<\/span>\n        <\/div>\n      \n        <div class=\"icon-text-section\">\n          <span class=\"icon-text-section__icon  icon-text-section__icon--shopping\"><svg class=\"icon\" aria-hidden=\"true\" focusable=\"false\"><use xlink:href=\"#icon-shopping\"><\/use><span class=\"access-label\">Nearest grocery store: 1,8km<\/span><\/svg><\/span>\n          <span class=\"icon-text-section__text\">Nearest grocery store: 1,8km<\/span>\n        <\/div>\n      \n        <div class=\"icon-text-section\">\n          <span class=\"icon-text-section__icon  icon-text-section__icon--golf\"><svg class=\"icon\" aria-hidden=\"true\" focusable=\"false\"><use xlink:href=\"#icon-golf\"><\/use><span class=\"access-label\">Distance to the Golf Club of Ulricehamn: 1,3km<\/span><\/svg><\/span>\n          <span class=\"icon-text-section__text\">Distance to the Golf Club of Ulricehamn: 1,3km<\/span>\n        <\/div>\n      \n        <div class=\"icon-text-section\">\n          <span class=\"icon-text-section__icon  icon-text-section__icon--shopping\"><svg class=\"icon\" aria-hidden=\"true\" focusable=\"false\"><use xlink:href=\"#icon-shopping\"><\/use><span class=\"access-label\">Nearest petrol station \/ kiosk: 3,1km<\/span><\/svg><\/span>\n          <span class=\"icon-text-section__text\">Nearest petrol station \/ kiosk: 3,1km<\/span>\n        <\/div>\n      \n        <div class=\"icon-text-section\">\n          <span class=\"icon-text-section__icon  icon-text-section__icon--mountains\"><svg class=\"icon\" aria-hidden=\"true\" focusable=\"false\"><use xlink:href=\"#icon-mountains\"><\/use><span class=\"access-label\">Distance to the Ski Center of Ulricehamn: 7,6km<\/span><\/svg><\/span>\n          <span class=\"icon-text-section__text\">Distance to the Ski Center of Ulricehamn: 7,6km<\/span>\n        <\/div>\n      \n        <div class=\"icon-text-section\">\n          <span class=\"icon-text-section__icon  icon-text-section__icon--golf\"><svg class=\"icon\" aria-hidden=\"true\" focusable=\"false\"><use xlink:href=\"#icon-golf\"><\/use><span class=\"access-label\">Distance to the Golf Club of \u00c5sundsholm: 20,9km<\/span><\/svg><\/span>\n          <span class=\"icon-text-section__text\">Distance to the Golf Club of \u00c5sundsholm: 20,9km<\/span>\n        <\/div>\n      \n        <div class=\"icon-text-section\">\n          <span class=\"icon-text-section__icon  icon-text-section__icon--playground\"><svg class=\"icon\" aria-hidden=\"true\" focusable=\"false\"><use xlink:href=\"#icon-playground\"><\/use><span class=\"access-label\">Nearest playground: 0,6km<\/span><\/svg><\/span>\n          <span class=\"icon-text-section__text\">Nearest playground: 0,6km<\/span>\n        <\/div>\n      \n        <div class=\"icon-text-section\">\n          <span class=\"icon-text-section__icon  icon-text-section__icon--view\"><svg class=\"icon\" aria-hidden=\"true\" focusable=\"false\"><use xlink:href=\"#icon-view\"><\/use><span class=\"access-label\">Distance to Hotell Bogesund: 4km<\/span><\/svg><\/span>\n          <span class=\"icon-text-section__text\">Distance to Hotell Bogesund: 4km<\/span>\n        <\/div>\n      \n          <\/div>\n        <\/div>\n      <\/div>\n    <\/div>\n    <\/div>\n  [\/vc_column][\/vc_row][vc_row][vc_column]\n      <div class=\"anchor-wrapper\" id=\"contact\">\n        \n    <div class=\"text-block-wrapper text-block-wrapper--centered\">\n      <div class=\"text-block\">\n        <h2 class=\"text-block__title\">Contact<\/h2>\n        \n      <div class=\"text-block__content\">\n       Sanatoriebacken 10, 523 33 Ulricehamn | Tel: +46 (0) 321- 77 57 20<br \/>\nE-mail:<a href=\"mailto:info@hotell-lassalyckan.se\"> info@hotell-lassalyckan.se<\/a><\/p>\n<p>&nbsp;<\/p>\n<p>Lat: 57.783\u2009\u00b0\u2003 Lon: 13.437\u2009\u00b0<\/p>\n<p>&nbsp;<\/p>\n<p>The easiest way to find us is to add \u201cIdrottsgatan, Ulricehamn\u201d to the GPS and then follow the directions and signs.\n      <\/div>\n          \n      <\/div>    \n    <\/div>\n  \n      <\/div>\n    [\/vc_column][\/vc_row]<\/p>\n<\/div>","protected":false},"excerpt":{"rendered":"<p>[vc_row][vc_column][\/vc_column][\/vc_row][vc_row][vc_column][\/vc_column][\/vc_row][vc_row][vc_column][\/vc_column][\/vc_row][vc_row][vc_column][\/vc_column][\/vc_row][vc_row][vc_column][\/vc_column][\/vc_row]<\/p>\n","protected":false},"author":1,"featured_media":2155,"parent":0,"menu_order":0,"comment_status":"closed","ping_status":"closed","template":"page-templates\/page-about.php","meta":{"_acf_changed":false,"footnotes":""},"class_list":["post-252","page","type-page","status-publish","has-post-thumbnail","hentry"],"acf":[],"yoast_head":"<!-- This site is optimized with the Yoast SEO plugin v25.4 - https:\/\/yoast.com\/wordpress\/plugins\/seo\/ -->\n<title>About us - Lassalyckan<\/title>\n<meta name=\"robots\" content=\"index, follow, max-snippet:-1, max-image-preview:large, max-video-preview:-1\" \/>\n<link rel=\"canonical\" href=\"https:\/\/www.hotell-lassalyckan.se\/en\/about-us\/\" \/>\n<meta property=\"og:locale\" content=\"en_US\" \/>\n<meta property=\"og:type\" content=\"article\" \/>\n<meta property=\"og:title\" content=\"About us - Lassalyckan\" \/>\n<meta property=\"og:description\" content=\"[vc_row][vc_column][\/vc_column][\/vc_row][vc_row][vc_column][\/vc_column][\/vc_row][vc_row][vc_column][\/vc_column][\/vc_row][vc_row][vc_column][\/vc_column][\/vc_row][vc_row][vc_column][\/vc_column][\/vc_row]\" \/>\n<meta property=\"og:url\" content=\"https:\/\/www.hotell-lassalyckan.se\/en\/about-us\/\" \/>\n<meta property=\"og:site_name\" content=\"Lassalyckan\" \/>\n<meta property=\"article:modified_time\" content=\"2023-12-13T15:40:08+00:00\" \/>\n<meta property=\"og:image\" content=\"https:\/\/www.hotell-lassalyckan.se\/wp-content\/uploads\/2019\/05\/Toppbild-1800-x-648_omoss.jpg\" \/>\n\t<meta property=\"og:image:width\" content=\"1800\" \/>\n\t<meta property=\"og:image:height\" content=\"648\" \/>\n\t<meta property=\"og:image:type\" content=\"image\/jpeg\" \/>\n<meta name=\"twitter:card\" content=\"summary_large_image\" \/>\n<meta name=\"twitter:label1\" content=\"Est. reading time\" \/>\n\t<meta name=\"twitter:data1\" content=\"2 minutes\" \/>\n<script type=\"application\/ld+json\" class=\"yoast-schema-graph\">{\"@context\":\"https:\/\/schema.org\",\"@graph\":[{\"@type\":\"WebPage\",\"@id\":\"https:\/\/www.hotell-lassalyckan.se\/en\/about-us\/\",\"url\":\"https:\/\/www.hotell-lassalyckan.se\/en\/about-us\/\",\"name\":\"About us - Lassalyckan\",\"isPartOf\":{\"@id\":\"https:\/\/www.hotell-lassalyckan.se\/#website\"},\"primaryImageOfPage\":{\"@id\":\"https:\/\/www.hotell-lassalyckan.se\/en\/about-us\/#primaryimage\"},\"image\":{\"@id\":\"https:\/\/www.hotell-lassalyckan.se\/en\/about-us\/#primaryimage\"},\"thumbnailUrl\":\"https:\/\/www.hotell-lassalyckan.se\/wp-content\/uploads\/2025\/05\/20250218_130128-e1756885229717.jpg\",\"datePublished\":\"2019-06-27T07:04:01+00:00\",\"dateModified\":\"2023-12-13T15:40:08+00:00\",\"breadcrumb\":{\"@id\":\"https:\/\/www.hotell-lassalyckan.se\/en\/about-us\/#breadcrumb\"},\"inLanguage\":\"en-US\",\"potentialAction\":[{\"@type\":\"ReadAction\",\"target\":[\"https:\/\/www.hotell-lassalyckan.se\/en\/about-us\/\"]}]},{\"@type\":\"ImageObject\",\"inLanguage\":\"en-US\",\"@id\":\"https:\/\/www.hotell-lassalyckan.se\/en\/about-us\/#primaryimage\",\"url\":\"https:\/\/www.hotell-lassalyckan.se\/wp-content\/uploads\/2025\/05\/20250218_130128-e1756885229717.jpg\",\"contentUrl\":\"https:\/\/www.hotell-lassalyckan.se\/wp-content\/uploads\/2025\/05\/20250218_130128-e1756885229717.jpg\",\"width\":1806,\"height\":1783,\"caption\":\"Lunch eller a l carte p\u00e5 Hotell Lassalyckan\"},{\"@type\":\"BreadcrumbList\",\"@id\":\"https:\/\/www.hotell-lassalyckan.se\/en\/about-us\/#breadcrumb\",\"itemListElement\":[{\"@type\":\"ListItem\",\"position\":1,\"name\":\"Hem\",\"item\":\"https:\/\/www.hotell-lassalyckan.se\/en\/\"},{\"@type\":\"ListItem\",\"position\":2,\"name\":\"About us\"}]},{\"@type\":\"WebSite\",\"@id\":\"https:\/\/www.hotell-lassalyckan.se\/#website\",\"url\":\"https:\/\/www.hotell-lassalyckan.se\/\",\"name\":\"Lassalyckan\",\"description\":\"En till WordPress-webbplats\",\"potentialAction\":[{\"@type\":\"SearchAction\",\"target\":{\"@type\":\"EntryPoint\",\"urlTemplate\":\"https:\/\/www.hotell-lassalyckan.se\/?s={search_term_string}\"},\"query-input\":{\"@type\":\"PropertyValueSpecification\",\"valueRequired\":true,\"valueName\":\"search_term_string\"}}],\"inLanguage\":\"en-US\"}]}<\/script>\n<!-- \/ Yoast SEO plugin. -->","yoast_head_json":{"title":"About us - Lassalyckan","robots":{"index":"index","follow":"follow","max-snippet":"max-snippet:-1","max-image-preview":"max-image-preview:large","max-video-preview":"max-video-preview:-1"},"canonical":"https:\/\/www.hotell-lassalyckan.se\/en\/about-us\/","og_locale":"en_US","og_type":"article","og_title":"About us - Lassalyckan","og_description":"[vc_row][vc_column][\/vc_column][\/vc_row][vc_row][vc_column][\/vc_column][\/vc_row][vc_row][vc_column][\/vc_column][\/vc_row][vc_row][vc_column][\/vc_column][\/vc_row][vc_row][vc_column][\/vc_column][\/vc_row]","og_url":"https:\/\/www.hotell-lassalyckan.se\/en\/about-us\/","og_site_name":"Lassalyckan","article_modified_time":"2023-12-13T15:40:08+00:00","og_image":[{"width":1800,"height":648,"url":"https:\/\/www.hotell-lassalyckan.se\/wp-content\/uploads\/2019\/05\/Toppbild-1800-x-648_omoss.jpg","type":"image\/jpeg"}],"twitter_card":"summary_large_image","twitter_misc":{"Est. reading time":"2 minutes"},"schema":{"@context":"https:\/\/schema.org","@graph":[{"@type":"WebPage","@id":"https:\/\/www.hotell-lassalyckan.se\/en\/about-us\/","url":"https:\/\/www.hotell-lassalyckan.se\/en\/about-us\/","name":"About us - Lassalyckan","isPartOf":{"@id":"https:\/\/www.hotell-lassalyckan.se\/#website"},"primaryImageOfPage":{"@id":"https:\/\/www.hotell-lassalyckan.se\/en\/about-us\/#primaryimage"},"image":{"@id":"https:\/\/www.hotell-lassalyckan.se\/en\/about-us\/#primaryimage"},"thumbnailUrl":"https:\/\/www.hotell-lassalyckan.se\/wp-content\/uploads\/2025\/05\/20250218_130128-e1756885229717.jpg","datePublished":"2019-06-27T07:04:01+00:00","dateModified":"2023-12-13T15:40:08+00:00","breadcrumb":{"@id":"https:\/\/www.hotell-lassalyckan.se\/en\/about-us\/#breadcrumb"},"inLanguage":"en-US","potentialAction":[{"@type":"ReadAction","target":["https:\/\/www.hotell-lassalyckan.se\/en\/about-us\/"]}]},{"@type":"ImageObject","inLanguage":"en-US","@id":"https:\/\/www.hotell-lassalyckan.se\/en\/about-us\/#primaryimage","url":"https:\/\/www.hotell-lassalyckan.se\/wp-content\/uploads\/2025\/05\/20250218_130128-e1756885229717.jpg","contentUrl":"https:\/\/www.hotell-lassalyckan.se\/wp-content\/uploads\/2025\/05\/20250218_130128-e1756885229717.jpg","width":1806,"height":1783,"caption":"Lunch eller a l carte p\u00e5 Hotell Lassalyckan"},{"@type":"BreadcrumbList","@id":"https:\/\/www.hotell-lassalyckan.se\/en\/about-us\/#breadcrumb","itemListElement":[{"@type":"ListItem","position":1,"name":"Hem","item":"https:\/\/www.hotell-lassalyckan.se\/en\/"},{"@type":"ListItem","position":2,"name":"About us"}]},{"@type":"WebSite","@id":"https:\/\/www.hotell-lassalyckan.se\/#website","url":"https:\/\/www.hotell-lassalyckan.se\/","name":"Lassalyckan","description":"En till WordPress-webbplats","potentialAction":[{"@type":"SearchAction","target":{"@type":"EntryPoint","urlTemplate":"https:\/\/www.hotell-lassalyckan.se\/?s={search_term_string}"},"query-input":{"@type":"PropertyValueSpecification","valueRequired":true,"valueName":"search_term_string"}}],"inLanguage":"en-US"}]}},"_links":{"self":[{"href":"https:\/\/www.hotell-lassalyckan.se\/en\/wp-json\/wp\/v2\/pages\/252"}],"collection":[{"href":"https:\/\/www.hotell-lassalyckan.se\/en\/wp-json\/wp\/v2\/pages"}],"about":[{"href":"https:\/\/www.hotell-lassalyckan.se\/en\/wp-json\/wp\/v2\/types\/page"}],"author":[{"embeddable":true,"href":"https:\/\/www.hotell-lassalyckan.se\/en\/wp-json\/wp\/v2\/users\/1"}],"replies":[{"embeddable":true,"href":"https:\/\/www.hotell-lassalyckan.se\/en\/wp-json\/wp\/v2\/comments?post=252"}],"version-history":[{"count":10,"href":"https:\/\/www.hotell-lassalyckan.se\/en\/wp-json\/wp\/v2\/pages\/252\/revisions"}],"predecessor-version":[{"id":1226,"href":"https:\/\/www.hotell-lassalyckan.se\/en\/wp-json\/wp\/v2\/pages\/252\/revisions\/1226"}],"wp:featuredmedia":[{"embeddable":true,"href":"https:\/\/www.hotell-lassalyckan.se\/en\/wp-json\/wp\/v2\/media\/2155"}],"wp:attachment":[{"href":"https:\/\/www.hotell-lassalyckan.se\/en\/wp-json\/wp\/v2\/media?parent=252"}],"curies":[{"name":"wp","href":"https:\/\/api.w.org\/{rel}","templated":true}]}}