{"id":265,"date":"2019-06-27T09:11:36","date_gmt":"2019-06-27T07:11:36","guid":{"rendered":"http:\/\/www.hotell-lassalyckan.se\/?page_id=265"},"modified":"2019-07-02T17:54:33","modified_gmt":"2019-07-02T15:54:33","slug":"about-ulricehamn","status":"publish","type":"page","link":"https:\/\/www.hotell-lassalyckan.se\/en\/about-ulricehamn\/","title":{"rendered":"About Ulricehamn"},"content":{"rendered":"<div class=\"wpb-content-wrapper\"><p>[vc_row][vc_column][vc_column_text]<em>Photo: Pricca Studios<\/em>[\/vc_column_text][\/vc_column][\/vc_row][vc_row][vc_column]\n    <div class=\"text-block-wrapper text-block-wrapper--centered\">\n      <div class=\"text-block\">\n        <h2 class=\"text-block__title\">About Ulricehamn<\/h2>\n        \n      <div class=\"text-block__content\">\n       Are you planning a visit to Ulricehamn and need some tips and ideas on things to do? Here we\u2019ve gathered a range of activities, sights, entertainment and useful information about the town. Hope you\u2019ll enjoy your stay!\n      <\/div>\n          \n      <\/div>    \n    <\/div>\n  [\/vc_column][\/vc_row][vc_row][vc_column width=&#8221;1\/2&#8243;]\n    <div class=\"text-block-wrapper text-block-wrapper--align-left\">\n      <div class=\"text-block\">\n        <h2 class=\"text-block__title\"><\/h2>\n        \n      <div class=\"text-block__content\">\n       <strong>\u00c5sunden<br \/>\n<\/strong>Ulricehamn is known for its genuine and picturesque town center right next to \u00c5sunden. The lake has left its mark on the urban area with peace and quiet as well as fast-paced water activities. Our other hotel, Hotel Bogesund, is located just above the lake and on their terrace and in some of their rooms you can enjoy the lovely view of the water.<\/p>\n<p>&nbsp;<\/p>\n<p><strong>Lassalyckan\u00a0\u2013 a unique facility with many things to do<br \/>\n<\/strong>Lassalyckan in Ulricehamn is southern Sweden\u2019s first official Vasalopp-center in skiing, running and mountain biking. There you can learn more about technique, equipment and diet to get more out of your training.<\/p>\n<p>&nbsp;<\/p>\n<p>Lassalyckan is a municipal facility with an outstanding location and with very good training opportunities all year round. There are trails and tracks both summer and winter. Ice rinks, indoor halls, fields for American football, boules and much more. In total there are about twenty sports in one place. There is also a shed for waxing skis, newly built dressing rooms with shower, sauna and heating cabin which is for everyone to enjoy. And as the name reveals, this is where our hotel, Hotel Lassalyckan, is located.<\/p>\n<p>&nbsp;<\/p>\n<p><strong>A vibrant town all year round<br \/>\n<\/strong>Ulricehamn is a vibrant town that thrives all year round. Here is space for relaxation and lovely moments. With the change of seasons, there is also a change in town. To be able to offer top quality in tracks and slopes during wintertime this far down south is for us a huge asset. In the summer you can golf, bike, hike, paddle and much more.<\/p>\n<p>&nbsp;<\/p>\n<p><strong>Ulricehamn Kallbadhus<br \/>\n<\/strong>The open-air swimming-bath, or Kallbadhuset, is just down the hill from our hotel and here you can take cold baths all year round. The current Kallbadhus was inaugurated in 2008 with the goal of being a place to meet and to like, where both young and old increase their health through water. The bathing facility has a women\u2019s and men\u2019s section with separate dressing rooms, showers and a sauna.<\/p>\n<p>&nbsp;<\/p>\n<p><strong>Biker- and hiker-friendly pathway<br \/>\n<\/strong>The old embankment, or pathway, was closed in 1991 and has since then been restored for various amusements. Here you can ride roller skis and inlines, walk or bike completely undisturbed from traffic whilst enjoying our beautiful nature. If you follow the embankment south then you have Lake \u00c5sunden with you along the trail. In total you have 95 km of this unique pathway throughout Ulricehamn.<\/p>\n<p>&nbsp;<\/p>\n<p><strong>Ulricehamn is growing as an event town<br \/>\n<\/strong>Ulricehamn is on full speed all year round with many pleasant events. The city has become a main player for large international skiing competitions and although the town is small, events of various kinds increases. Our other hotel, Hotell Bogesund, contribute to this by arranging various events at Restaurang Sture, such as day parties, night clubs, standups, theme nights, DJs and gourmet evenings. Check out their calendar or Facebook in order not to miss out on anything!\n      <\/div>\n          \n      <\/div>    \n    <\/div>\n  [\/vc_column][vc_column width=&#8221;1\/2&#8243;]\n    <div class=\"text-block-wrapper text-block-wrapper--align-left\">\n      <div class=\"text-block\">\n        <h2 class=\"text-block__title\"><\/h2>\n        \n      <div class=\"text-block__content\">\n       <strong>Cozy smalltown shopping<br \/>\n<\/strong>The picturesque houses, the cobbled streets and the shops are all closeby. Well-known brands are mixed with stylish boutiques and cute shops. Through their know-how, their service and their pleasant personalities, the merchants make sure that you get what you are looking for. Many of the buildings along the pedestrian street originated in the early 18th and 19th centuries. The fact that the traditions of commerce in the countryside have been around since the Middle Ages makes it even more interesting, when old cultural environments are mixed with today\u2019s clothes, food and interior design. Welcome to the cozy smalltown shopping!<\/p>\n<p>&nbsp;<\/p>\n<p><strong>Nature and the outdoors just around the corner<br \/>\n<\/strong>In Ulricehamn the nature is fantastic, there are many lakes and an exciting history. Simply perfect conditions for enjoying the outdoors! Here you will find several beautiful hiking trails for you to follow and discover your own adventure. Lush, wild and beautiful. Many of the trails take you to the most beautiful places, the finest swimming spots and other places of interest that you would otherwise miss.<\/p>\n<p>&nbsp;<\/p>\n<p><strong>Film environment<br \/>\n<\/strong>\u201cWhen you fall in love with a place, you also fall in love with its people,\u201d says filmmaker Colin Nutley. The people, the nature and the peaceful working environment makes him return time after time for each new film. The film \u00c4nglag\u00e5rd as well as the TV shows Saknad and Vilken J\u00e4vla Cirkus have all been made here in Ulricehamn.<\/p>\n<p>&nbsp;<\/p>\n<p><strong>Play and have fun!<br \/>\n<\/strong>Don\u2019t miss our fantastic playground Ulricaparken down by Lake \u00c5sunden\u2019s northern beach! In the area there is an obstacle course, cable cars, a trampoline, water activities, slides and much more. There is something for everyone. There is also a bathing area with a jetty and a sandy beach.<\/p>\n<p>&nbsp;<\/p>\n<p><strong>Even more\u2026<br \/>\n<\/strong>Would you like to know more about Ulricehamn and our surrounding areas, or find out more things to do when you visit us? Have a look at the website of\u00a0<a href=\"https:\/\/www.vastsverige.com\/ulricehamn\">Ulricehamn Tourist Information<\/a>\u00a0for more information and inspiration.\n      <\/div>\n          \n      <\/div>    \n    <\/div>\n  [\/vc_column][\/vc_row]<\/p>\n<\/div>","protected":false},"excerpt":{"rendered":"<p>[vc_row][vc_column][vc_column_text]Photo: Pricca Studios[\/vc_column_text][\/vc_column][\/vc_row][vc_row][vc_column][\/vc_column][\/vc_row][vc_row][vc_column width=&#8221;1\/2&#8243;][\/vc_column][vc_column width=&#8221;1\/2&#8243;][\/vc_column][\/vc_row]<\/p>\n","protected":false},"author":1,"featured_media":334,"parent":0,"menu_order":0,"comment_status":"closed","ping_status":"closed","template":"","meta":{"_acf_changed":false,"footnotes":""},"class_list":["post-265","page","type-page","status-publish","has-post-thumbnail","hentry"],"acf":[],"yoast_head":"<!-- This site is optimized with the Yoast SEO plugin v27.4 - https:\/\/yoast.com\/product\/yoast-seo-wordpress\/ -->\n<title>About Ulricehamn - Lassalyckan<\/title>\n<meta name=\"robots\" content=\"index, follow, max-snippet:-1, max-image-preview:large, max-video-preview:-1\" \/>\n<link rel=\"canonical\" href=\"https:\/\/www.hotell-lassalyckan.se\/en\/about-ulricehamn\/\" \/>\n<meta property=\"og:locale\" content=\"en_US\" \/>\n<meta property=\"og:type\" content=\"article\" \/>\n<meta property=\"og:title\" content=\"About Ulricehamn - Lassalyckan\" \/>\n<meta property=\"og:description\" content=\"[vc_row][vc_column][vc_column_text]Photo: Pricca Studios[\/vc_column_text][\/vc_column][\/vc_row][vc_row][vc_column][\/vc_column][\/vc_row][vc_row][vc_column width=&#8221;1\/2&#8243;][\/vc_column][vc_column width=&#8221;1\/2&#8243;][\/vc_column][\/vc_row]\" \/>\n<meta property=\"og:url\" content=\"https:\/\/www.hotell-lassalyckan.se\/en\/about-ulricehamn\/\" \/>\n<meta property=\"og:site_name\" content=\"Lassalyckan\" \/>\n<meta property=\"article:modified_time\" content=\"2019-07-02T15:54:33+00:00\" \/>\n<meta property=\"og:image\" content=\"https:\/\/www.hotell-lassalyckan.se\/wp-content\/uploads\/2019\/06\/Toppbild-1800-x-648_ulricehamn.jpg\" \/>\n\t<meta property=\"og:image:width\" content=\"1800\" \/>\n\t<meta property=\"og:image:height\" content=\"648\" \/>\n\t<meta property=\"og:image:type\" content=\"image\/jpeg\" \/>\n<meta name=\"twitter:card\" content=\"summary_large_image\" \/>\n<meta name=\"twitter:label1\" content=\"Est. reading time\" \/>\n\t<meta name=\"twitter:data1\" content=\"5 minutes\" \/>\n<script type=\"application\/ld+json\" class=\"yoast-schema-graph\">{\"@context\":\"https:\\\/\\\/schema.org\",\"@graph\":[{\"@type\":\"WebPage\",\"@id\":\"https:\\\/\\\/www.hotell-lassalyckan.se\\\/en\\\/about-ulricehamn\\\/\",\"url\":\"https:\\\/\\\/www.hotell-lassalyckan.se\\\/en\\\/about-ulricehamn\\\/\",\"name\":\"About Ulricehamn - Lassalyckan\",\"isPartOf\":{\"@id\":\"https:\\\/\\\/www.hotell-lassalyckan.se\\\/#website\"},\"primaryImageOfPage\":{\"@id\":\"https:\\\/\\\/www.hotell-lassalyckan.se\\\/en\\\/about-ulricehamn\\\/#primaryimage\"},\"image\":{\"@id\":\"https:\\\/\\\/www.hotell-lassalyckan.se\\\/en\\\/about-ulricehamn\\\/#primaryimage\"},\"thumbnailUrl\":\"https:\\\/\\\/www.hotell-lassalyckan.se\\\/wp-content\\\/uploads\\\/2019\\\/06\\\/Toppbild-1800-x-648_ulricehamn.jpg\",\"datePublished\":\"2019-06-27T07:11:36+00:00\",\"dateModified\":\"2019-07-02T15:54:33+00:00\",\"breadcrumb\":{\"@id\":\"https:\\\/\\\/www.hotell-lassalyckan.se\\\/en\\\/about-ulricehamn\\\/#breadcrumb\"},\"inLanguage\":\"en-US\",\"potentialAction\":[{\"@type\":\"ReadAction\",\"target\":[\"https:\\\/\\\/www.hotell-lassalyckan.se\\\/en\\\/about-ulricehamn\\\/\"]}]},{\"@type\":\"ImageObject\",\"inLanguage\":\"en-US\",\"@id\":\"https:\\\/\\\/www.hotell-lassalyckan.se\\\/en\\\/about-ulricehamn\\\/#primaryimage\",\"url\":\"https:\\\/\\\/www.hotell-lassalyckan.se\\\/wp-content\\\/uploads\\\/2019\\\/06\\\/Toppbild-1800-x-648_ulricehamn.jpg\",\"contentUrl\":\"https:\\\/\\\/www.hotell-lassalyckan.se\\\/wp-content\\\/uploads\\\/2019\\\/06\\\/Toppbild-1800-x-648_ulricehamn.jpg\",\"width\":1800,\"height\":648,\"caption\":\"Ulricehamn vid sj\u00f6n \u00c5sundens strand\"},{\"@type\":\"BreadcrumbList\",\"@id\":\"https:\\\/\\\/www.hotell-lassalyckan.se\\\/en\\\/about-ulricehamn\\\/#breadcrumb\",\"itemListElement\":[{\"@type\":\"ListItem\",\"position\":1,\"name\":\"Hem\",\"item\":\"https:\\\/\\\/www.hotell-lassalyckan.se\\\/en\\\/\"},{\"@type\":\"ListItem\",\"position\":2,\"name\":\"About Ulricehamn\"}]},{\"@type\":\"WebSite\",\"@id\":\"https:\\\/\\\/www.hotell-lassalyckan.se\\\/#website\",\"url\":\"https:\\\/\\\/www.hotell-lassalyckan.se\\\/\",\"name\":\"Lassalyckan\",\"description\":\"En till WordPress-webbplats\",\"potentialAction\":[{\"@type\":\"SearchAction\",\"target\":{\"@type\":\"EntryPoint\",\"urlTemplate\":\"https:\\\/\\\/www.hotell-lassalyckan.se\\\/?s={search_term_string}\"},\"query-input\":{\"@type\":\"PropertyValueSpecification\",\"valueRequired\":true,\"valueName\":\"search_term_string\"}}],\"inLanguage\":\"en-US\"}]}<\/script>\n<!-- \/ Yoast SEO plugin. -->","yoast_head_json":{"title":"About Ulricehamn - Lassalyckan","robots":{"index":"index","follow":"follow","max-snippet":"max-snippet:-1","max-image-preview":"max-image-preview:large","max-video-preview":"max-video-preview:-1"},"canonical":"https:\/\/www.hotell-lassalyckan.se\/en\/about-ulricehamn\/","og_locale":"en_US","og_type":"article","og_title":"About Ulricehamn - Lassalyckan","og_description":"[vc_row][vc_column][vc_column_text]Photo: Pricca Studios[\/vc_column_text][\/vc_column][\/vc_row][vc_row][vc_column][\/vc_column][\/vc_row][vc_row][vc_column width=&#8221;1\/2&#8243;][\/vc_column][vc_column width=&#8221;1\/2&#8243;][\/vc_column][\/vc_row]","og_url":"https:\/\/www.hotell-lassalyckan.se\/en\/about-ulricehamn\/","og_site_name":"Lassalyckan","article_modified_time":"2019-07-02T15:54:33+00:00","og_image":[{"width":1800,"height":648,"url":"https:\/\/www.hotell-lassalyckan.se\/wp-content\/uploads\/2019\/06\/Toppbild-1800-x-648_ulricehamn.jpg","type":"image\/jpeg"}],"twitter_card":"summary_large_image","twitter_misc":{"Est. reading time":"5 minutes"},"schema":{"@context":"https:\/\/schema.org","@graph":[{"@type":"WebPage","@id":"https:\/\/www.hotell-lassalyckan.se\/en\/about-ulricehamn\/","url":"https:\/\/www.hotell-lassalyckan.se\/en\/about-ulricehamn\/","name":"About Ulricehamn - Lassalyckan","isPartOf":{"@id":"https:\/\/www.hotell-lassalyckan.se\/#website"},"primaryImageOfPage":{"@id":"https:\/\/www.hotell-lassalyckan.se\/en\/about-ulricehamn\/#primaryimage"},"image":{"@id":"https:\/\/www.hotell-lassalyckan.se\/en\/about-ulricehamn\/#primaryimage"},"thumbnailUrl":"https:\/\/www.hotell-lassalyckan.se\/wp-content\/uploads\/2019\/06\/Toppbild-1800-x-648_ulricehamn.jpg","datePublished":"2019-06-27T07:11:36+00:00","dateModified":"2019-07-02T15:54:33+00:00","breadcrumb":{"@id":"https:\/\/www.hotell-lassalyckan.se\/en\/about-ulricehamn\/#breadcrumb"},"inLanguage":"en-US","potentialAction":[{"@type":"ReadAction","target":["https:\/\/www.hotell-lassalyckan.se\/en\/about-ulricehamn\/"]}]},{"@type":"ImageObject","inLanguage":"en-US","@id":"https:\/\/www.hotell-lassalyckan.se\/en\/about-ulricehamn\/#primaryimage","url":"https:\/\/www.hotell-lassalyckan.se\/wp-content\/uploads\/2019\/06\/Toppbild-1800-x-648_ulricehamn.jpg","contentUrl":"https:\/\/www.hotell-lassalyckan.se\/wp-content\/uploads\/2019\/06\/Toppbild-1800-x-648_ulricehamn.jpg","width":1800,"height":648,"caption":"Ulricehamn vid sj\u00f6n \u00c5sundens strand"},{"@type":"BreadcrumbList","@id":"https:\/\/www.hotell-lassalyckan.se\/en\/about-ulricehamn\/#breadcrumb","itemListElement":[{"@type":"ListItem","position":1,"name":"Hem","item":"https:\/\/www.hotell-lassalyckan.se\/en\/"},{"@type":"ListItem","position":2,"name":"About Ulricehamn"}]},{"@type":"WebSite","@id":"https:\/\/www.hotell-lassalyckan.se\/#website","url":"https:\/\/www.hotell-lassalyckan.se\/","name":"Lassalyckan","description":"En till WordPress-webbplats","potentialAction":[{"@type":"SearchAction","target":{"@type":"EntryPoint","urlTemplate":"https:\/\/www.hotell-lassalyckan.se\/?s={search_term_string}"},"query-input":{"@type":"PropertyValueSpecification","valueRequired":true,"valueName":"search_term_string"}}],"inLanguage":"en-US"}]}},"_links":{"self":[{"href":"https:\/\/www.hotell-lassalyckan.se\/en\/wp-json\/wp\/v2\/pages\/265","targetHints":{"allow":["GET"]}}],"collection":[{"href":"https:\/\/www.hotell-lassalyckan.se\/en\/wp-json\/wp\/v2\/pages"}],"about":[{"href":"https:\/\/www.hotell-lassalyckan.se\/en\/wp-json\/wp\/v2\/types\/page"}],"author":[{"embeddable":true,"href":"https:\/\/www.hotell-lassalyckan.se\/en\/wp-json\/wp\/v2\/users\/1"}],"replies":[{"embeddable":true,"href":"https:\/\/www.hotell-lassalyckan.se\/en\/wp-json\/wp\/v2\/comments?post=265"}],"version-history":[{"count":4,"href":"https:\/\/www.hotell-lassalyckan.se\/en\/wp-json\/wp\/v2\/pages\/265\/revisions"}],"predecessor-version":[{"id":379,"href":"https:\/\/www.hotell-lassalyckan.se\/en\/wp-json\/wp\/v2\/pages\/265\/revisions\/379"}],"wp:featuredmedia":[{"embeddable":true,"href":"https:\/\/www.hotell-lassalyckan.se\/en\/wp-json\/wp\/v2\/media\/334"}],"wp:attachment":[{"href":"https:\/\/www.hotell-lassalyckan.se\/en\/wp-json\/wp\/v2\/media?parent=265"}],"curies":[{"name":"wp","href":"https:\/\/api.w.org\/{rel}","templated":true}]}}